{"id":1975,"date":"2021-04-22T19:51:49","date_gmt":"2021-04-22T19:51:49","guid":{"rendered":"https:\/\/prouni.intelectiasac.com\/?page_id=1975"},"modified":"2024-03-29T17:55:50","modified_gmt":"2024-03-29T22:55:50","slug":"miembros","status":"publish","type":"page","link":"https:\/\/prouni.intelectiasac.com\/en\/miembros\/","title":{"rendered":"MIEMBROS"},"content":{"rendered":"<div data-elementor-type=\"wp-page\" data-elementor-id=\"1975\" class=\"elementor elementor-1975\" data-elementor-post-type=\"page\">\n\t\t\t\t\t\t<section class=\"elementor-section elementor-top-section elementor-element elementor-element-630ebfb elementor-section-boxed elementor-section-height-default elementor-section-height-default\" data-id=\"630ebfb\" data-element_type=\"section\">\n\t\t\t\t\t\t<div class=\"elementor-container elementor-column-gap-default\">\n\t\t\t\t\t<div class=\"elementor-column elementor-col-100 elementor-top-column elementor-element elementor-element-8b99c27\" data-id=\"8b99c27\" data-element_type=\"column\">\n\t\t\t<div class=\"elementor-widget-wrap elementor-element-populated\">\n\t\t\t\t\t\t<div class=\"elementor-element elementor-element-e5b9376 elementor-widget elementor-widget-spacer\" data-id=\"e5b9376\" data-element_type=\"widget\" data-widget_type=\"spacer.default\">\n\t\t\t\t<div class=\"elementor-widget-container\">\n\t\t\t\t\t\t\t<div class=\"elementor-spacer\">\n\t\t\t<div class=\"elementor-spacer-inner\"><\/div>\n\t\t<\/div>\n\t\t\t\t\t\t<\/div>\n\t\t\t\t<\/div>\n\t\t\t\t<div class=\"elementor-element elementor-element-5fed5c2 elementor-widget elementor-widget-heading\" data-id=\"5fed5c2\" data-element_type=\"widget\" data-widget_type=\"heading.default\">\n\t\t\t\t<div class=\"elementor-widget-container\">\n\t\t\t\t\t<h2 class=\"elementor-heading-title elementor-size-default\">WHO IS PART OF OUR MEMBER LIST?<\/h2>\t\t\t\t<\/div>\n\t\t\t\t<\/div>\n\t\t\t\t<div class=\"elementor-element elementor-element-bbe995c elementor-widget elementor-widget-text-editor\" data-id=\"bbe995c\" data-element_type=\"widget\" data-widget_type=\"text-editor.default\">\n\t\t\t\t<div class=\"elementor-widget-container\">\n\t\t\t\t\t\t\t\t\t<p style=\"text-align: justify;\">We present with satisfaction to our members, distinguished professionals who, responding to our call, have become involved with the ProUNI project.<\/p>\t\t\t\t\t\t\t\t<\/div>\n\t\t\t\t<\/div>\n\t\t\t\t<div class=\"elementor-element elementor-element-ea161c0 elementor-widget elementor-widget-accordion\" data-id=\"ea161c0\" data-element_type=\"widget\" data-widget_type=\"accordion.default\">\n\t\t\t\t<div class=\"elementor-widget-container\">\n\t\t\t\t\t\t\t<div class=\"elementor-accordion\">\n\t\t\t\t\t\t\t<div class=\"elementor-accordion-item\">\n\t\t\t\t\t<div id=\"elementor-tab-title-2451\" class=\"elementor-tab-title\" data-tab=\"1\" role=\"button\" aria-controls=\"elementor-tab-content-2451\" aria-expanded=\"false\">\n\t\t\t\t\t\t\t\t\t\t\t\t\t<span class=\"elementor-accordion-icon elementor-accordion-icon-left\" aria-hidden=\"true\">\n\t\t\t\t\t\t\t\t\t\t\t\t\t\t\t<span class=\"elementor-accordion-icon-closed\"><i class=\"fas fa-plus\"><\/i><\/span>\n\t\t\t\t\t\t\t\t<span class=\"elementor-accordion-icon-opened\"><i class=\"fas fa-minus\"><\/i><\/span>\n\t\t\t\t\t\t\t\t\t\t\t\t\t\t<\/span>\n\t\t\t\t\t\t\t\t\t\t\t\t<a class=\"elementor-accordion-title\" tabindex=\"0\">Active Founding Members<\/a>\n\t\t\t\t\t<\/div>\n\t\t\t\t\t<div id=\"elementor-tab-content-2451\" class=\"elementor-tab-content elementor-clearfix\" data-tab=\"1\" role=\"region\" aria-labelledby=\"elementor-tab-title-2451\"><p>Augusto Baertl Montori<\/p><p>Alberto Benavides De la Quintana (\u2020)<\/p><p>Pedro Brescia Cafferata (\u2020)<\/p><p>Carlos Castro Rodr\u00edguez<\/p><p>Carlos Delius Evers (\u2020)<\/p><p>Eduardo Farah Hayn<\/p><p>Andr\u00e9s Marsano Porras (\u2020)<\/p><p>Walter Piazza Tang\u00fcis (\u2020)<\/p><p>Javier Sota Nadal<\/p><\/div>\n\t\t\t\t<\/div>\n\t\t\t\t\t\t\t<div class=\"elementor-accordion-item\">\n\t\t\t\t\t<div id=\"elementor-tab-title-2452\" class=\"elementor-tab-title\" data-tab=\"2\" role=\"button\" aria-controls=\"elementor-tab-content-2452\" aria-expanded=\"false\">\n\t\t\t\t\t\t\t\t\t\t\t\t\t<span class=\"elementor-accordion-icon elementor-accordion-icon-left\" aria-hidden=\"true\">\n\t\t\t\t\t\t\t\t\t\t\t\t\t\t\t<span class=\"elementor-accordion-icon-closed\"><i class=\"fas fa-plus\"><\/i><\/span>\n\t\t\t\t\t\t\t\t<span class=\"elementor-accordion-icon-opened\"><i class=\"fas fa-minus\"><\/i><\/span>\n\t\t\t\t\t\t\t\t\t\t\t\t\t\t<\/span>\n\t\t\t\t\t\t\t\t\t\t\t\t<a class=\"elementor-accordion-title\" tabindex=\"0\">Active Born Member<\/a>\n\t\t\t\t\t<\/div>\n\t\t\t\t\t<div id=\"elementor-tab-content-2452\" class=\"elementor-tab-content elementor-clearfix\" data-tab=\"2\" role=\"region\" aria-labelledby=\"elementor-tab-title-2452\"><p>Jorge Alva Hurtado (Rector)<\/p><\/div>\n\t\t\t\t<\/div>\n\t\t\t\t\t\t\t<div class=\"elementor-accordion-item\">\n\t\t\t\t\t<div id=\"elementor-tab-title-2453\" class=\"elementor-tab-title\" data-tab=\"3\" role=\"button\" aria-controls=\"elementor-tab-content-2453\" aria-expanded=\"false\">\n\t\t\t\t\t\t\t\t\t\t\t\t\t<span class=\"elementor-accordion-icon elementor-accordion-icon-left\" aria-hidden=\"true\">\n\t\t\t\t\t\t\t\t\t\t\t\t\t\t\t<span class=\"elementor-accordion-icon-closed\"><i class=\"fas fa-plus\"><\/i><\/span>\n\t\t\t\t\t\t\t\t<span class=\"elementor-accordion-icon-opened\"><i class=\"fas fa-minus\"><\/i><\/span>\n\t\t\t\t\t\t\t\t\t\t\t\t\t\t<\/span>\n\t\t\t\t\t\t\t\t\t\t\t\t<a class=\"elementor-accordion-title\" tabindex=\"0\">Active Members<\/a>\n\t\t\t\t\t<\/div>\n\t\t\t\t\t<div id=\"elementor-tab-content-2453\" class=\"elementor-tab-content elementor-clearfix\" data-tab=\"3\" role=\"region\" aria-labelledby=\"elementor-tab-title-2453\"><table><tbody><tr><td><p>Arturo Alva Evangelista (\u2020)<\/p><\/td><td>\u00a0\u00a0\u00a0\u00a0<\/td><td><p>Eduardo Hochschild Beeck<\/p><\/td><td>\u00a0\u00a0\u00a0\u00a0<\/td><td><p>Jos\u00e9 Valdez Calle<\/p><\/td><\/tr><tr><td><p>Fernando Amprimo Laing<\/p><\/td><td>\u00a0\u00a0\u00a0\u00a0<\/td><td><p>Luis Fernando Romero<\/p><\/td><td>\u00a0\u00a0\u00a0\u00a0<\/td><td><p>C\u00e9sar Vidal Cobian<\/p><\/td><\/tr><tr><td><p>Luz Evangelina Arias Vargas<\/p><\/td><td>\u00a0\u00a0\u00a0\u00a0<\/td><td><p>Julio Kuroiwa Horiuchi<\/p><\/td><td>\u00a0\u00a0\u00a0\u00a0<\/td><td><p>Fausto Zavaleta Cruzado (\u2020)<\/p><\/td><\/tr><tr><td><p>V\u00edctor Baertl Montori (\u2020)<\/p><\/td><td>\u00a0\u00a0\u00a0\u00a0<\/td><td><p>Benjam\u00edn Marticorena Castillo<\/p><\/td><td>\u00a0\u00a0\u00a0\u00a0<\/td><td><p>Pedro Sergio Zu\u00f1iga Silva<\/p><\/td><\/tr><tr><td><p>Jorge Baertl Jourde<\/p><\/td><td>\u00a0\u00a0\u00a0\u00a0<\/td><td><p>Augusto Mellado M\u00e9ndez<\/p><\/td><td>\u00a0\u00a0\u00a0\u00a0<\/td><td>\u00a0C\u00e9sar El\u00edas Rond\u00f3n Arnao\u00a0<\/td><\/tr><tr><td><p>Ram\u00f3n Bar\u00faa Alzamora<\/p><\/td><td>\u00a0\u00a0\u00a0\u00a0<\/td><td><p>Paula Lourdes Mendoza Laura<\/p><\/td><td>\u00a0\u00a0\u00a0\u00a0<\/td><td>\u00a0Diego Sologuren Arias<\/td><\/tr><tr><td><p>Roque Benavides Ganoza<\/p><\/td><td>\u00a0\u00a0\u00a0\u00a0<\/td><td><p>Francoise Muths Cardenas<\/p><\/td><td>\u00a0\u00a0\u00a0\u00a0<\/td><td>\u00a0Erich Villavicencio Gutierrez<\/td><\/tr><tr><td><p>Alipio Benites Mu\u00f1oz<\/p><\/td><td>\u00a0\u00a0\u00a0\u00a0<\/td><td><p>Felipe Ortiz de Zevallos Madue\u00f1o<\/p><\/td><td>\u00a0\u00a0\u00a0\u00a0<\/td><td>\u00a0Fausto Valdeavellano Roca Rey<\/td><\/tr><tr><td><p>Edwin Anatolio Calder\u00f3n Vicu\u00f1a<\/p><\/td><td>\u00a0\u00a0\u00a0\u00a0<\/td><td><p>Enrique Paredes Rivero<\/p><\/td><td>\u00a0\u00a0\u00a0\u00a0<\/td><td>\u00a0Fernando Ferrand Del Busto<\/td><\/tr><tr><td><p>Fernando Cill\u00f3niz Benavides<\/p><\/td><td>\u00a0\u00a0\u00a0\u00a0<\/td><td><p>Eustaquio Paredes Flores<\/p><\/td><td>\u00a0\u00a0\u00a0\u00a0<\/td><td>\u00a0Luis Artemio Alva Florian<\/td><\/tr><tr><td><p>Carlos Coll Palermo<\/p><\/td><td>\u00a0\u00a0\u00a0\u00a0<\/td><td><p>Fernando Ponce Ant\u00fanez de Mayolo<\/p><\/td><td>\u00a0\u00a0\u00a0\u00a0<\/td><td>\u00a0Luis Fernando Sirumbal Zapata<\/td><\/tr><tr><td><p>Ren\u00e9 Cornejo D\u00edaz<\/p><\/td><td>\u00a0\u00a0\u00a0\u00a0<\/td><td><p>Gonzalo Raffo Uz\u00e1tegui (\u2020)<\/p><\/td><td>\u00a0\u00a0\u00a0\u00a0<\/td><td>Javier Piqu\u00e9 del Pozo<\/td><\/tr><tr><td><p>Vidal Hiraoka Torres<\/p><\/td><td>\u00a0\u00a0\u00a0\u00a0<\/td><td><p>Wilfredo Torres Montesinos<\/p><\/td><td>\u00a0\u00a0\u00a0\u00a0<\/td><td>\u00a0Orlando Llerena Apaza<\/td><\/tr><tr><td><p>Ysaac Cruz Ramirez\u00a0<\/p><\/td><td>\u00a0\u00a0\u00a0\u00a0<\/td><td><p>Ra\u00fal Rizo-Patr\u00f3n Buccicardi<\/p><\/td><td>\u00a0\u00a0\u00a0\u00a0<\/td><td>\u00a0Pelayo Nicanor Miranda Chavarri<\/td><\/tr><tr><td><p>Guido Del Castillo Echegaray<\/p><\/td><td>\u00a0\u00a0\u00a0\u00a0<\/td><td><p>Jos\u00e9 Rodr\u00edguez Rodr\u00edguez<\/p><\/td><td>\u00a0\u00a0\u00a0\u00a0<\/td><td>\u00a0Piero Daniel Ardito Ynouye<\/td><\/tr><tr><td><p>Jos\u00e9 Carlos Dextre Chac\u00f3n<\/p><\/td><td>\u00a0\u00a0\u00a0\u00a0<\/td><td><p>Jorge Rodr\u00edguez Rodr\u00edguez<\/p><\/td><td>\u00a0\u00a0\u00a0\u00a0<\/td><td>\u00a0Pompeyo M\u00e1ximo Mejia Salas<\/td><\/tr><tr><td><p>Alfredo Farje Serpa (\u2020) \u2013 \u2013 \u2013\u00a0<\/p><\/td><td>\u00a0\u00a0\u00a0\u00a0<\/td><td><p>Vito Rodr\u00edguez Rodr\u00edguez<\/p><\/td><td>\u00a0\u00a0\u00a0\u00a0<\/td><td>\u00a0Rodolfo Banchero Zavala<\/td><\/tr><tr><td><p>Edmundo Gamarra Fern\u00e1ndez\u00a0<\/p><\/td><td>\u00a0\u00a0\u00a0\u00a0<\/td><td><p>Fernando Romero Dreyfus<\/p><\/td><td>\u00a0\u00a0\u00a0\u00a0<\/td><td>\u00a0Pedro Brescia Cafferata\u00a0(\u2020)<\/td><\/tr><tr><td><p>Oscar Gonz\u00e1lez Rocha<\/p><\/td><td>\u00a0\u00a0\u00a0\u00a0<\/td><td><p>Mario Santill\u00e1n Farje<\/p><\/td><td>\u00a0\u00a0\u00a0\u00a0<\/td><td>\u00a0Ra\u00fal Joaquin Delgado Sayan<\/td><\/tr><tr><td><p>C\u00e9sar Pongo Huaman<\/p><\/td><td>\u00a0\u00a0\u00a0\u00a0<\/td><td><p>Samuel Saravia Sandoval<\/p><\/td><td>\u00a0\u00a0\u00a0\u00a0<\/td><td>Juan Manuel Su\u00e1rez Arangoytia<\/td><\/tr><tr><td><p>Juan Jos\u00e9 Herrera Tavara<\/p><\/td><td>\u00a0\u00a0\u00a0\u00a0<\/td><td><p>Enrique Solano Morales<\/p><\/td><td>\u00a0\u00a0\u00a0\u00a0<\/td><td>Victor Hugo Cisneros Mori<\/td><\/tr><tr><td>Jorge Rolando Falla Cordero<\/td><td>\u00a0<\/td><td>Alberto Pe\u00f1a Alburqueque<\/td><td>\u00a0<\/td><td>Manuel Basurto Lavanda<\/td><\/tr><\/tbody><\/table><\/div>\n\t\t\t\t<\/div>\n\t\t\t\t\t\t\t<div class=\"elementor-accordion-item\">\n\t\t\t\t\t<div id=\"elementor-tab-title-2454\" class=\"elementor-tab-title\" data-tab=\"4\" role=\"button\" aria-controls=\"elementor-tab-content-2454\" aria-expanded=\"false\">\n\t\t\t\t\t\t\t\t\t\t\t\t\t<span class=\"elementor-accordion-icon elementor-accordion-icon-left\" aria-hidden=\"true\">\n\t\t\t\t\t\t\t\t\t\t\t\t\t\t\t<span class=\"elementor-accordion-icon-closed\"><i class=\"fas fa-plus\"><\/i><\/span>\n\t\t\t\t\t\t\t\t<span class=\"elementor-accordion-icon-opened\"><i class=\"fas fa-minus\"><\/i><\/span>\n\t\t\t\t\t\t\t\t\t\t\t\t\t\t<\/span>\n\t\t\t\t\t\t\t\t\t\t\t\t<a class=\"elementor-accordion-title\" tabindex=\"0\">Collaborating Members<\/a>\n\t\t\t\t\t<\/div>\n\t\t\t\t\t<div id=\"elementor-tab-content-2454\" class=\"elementor-tab-content elementor-clearfix\" data-tab=\"4\" role=\"region\" aria-labelledby=\"elementor-tab-title-2454\"><table><tbody><tr><td><p>Rafael Amaya C\u00f3rdova<\/p><\/td><td>\u00a0\u00a0\u00a0\u00a0<\/td><td><p>Isaac R\u00edos Quinteros<\/p><\/td><td>\u00a0\u00a0\u00a0\u00a0<\/td><td><p>Ronald Woodman Pollitt<\/p><\/td><\/tr><tr><td><p>V\u00edctor Humberto Asmat Azahuanche<\/p><\/td><td>\u00a0\u00a0\u00a0\u00a0<\/td><td><p>Roger Metzger Alv\u00e1n<\/p><\/td><td>\u00a0\u00a0\u00a0\u00a0<\/td><td><p>Amado Yataco Medina<\/p><\/td><\/tr><tr><td><p>Luis Baba Nakao<\/p><\/td><td>\u00a0\u00a0\u00a0\u00a0<\/td><td><p>Jos\u00e9 Midzuaray Nakamura<\/p><\/td><td>\u00a0\u00a0\u00a0\u00a0<\/td><td>Alfredo Gurmendi Callo<\/td><\/tr><tr><td><p>Daniele Bassi Moy<\/p><\/td><td>\u00a0\u00a0\u00a0\u00a0<\/td><td><p>Jes\u00fas Montes Chavez \u2013 \u2013 \u2013<\/p><\/td><td>\u00a0\u00a0\u00a0\u00a0<\/td><td>Augusto Yin Alvarado<\/td><\/tr><tr><td><p>Augusto Bernuy Alva<\/p><\/td><td>\u00a0\u00a0\u00a0\u00a0<\/td><td><p>C\u00e9sar Augusto Moya Casusol<\/p><\/td><td>\u00a0\u00a0\u00a0\u00a0<\/td><td>Carlos Gabriel Gavidia Calderon<\/td><\/tr><tr><td><p>Jos\u00e9 Beteta Loyola<\/p><\/td><td>\u00a0\u00a0\u00a0\u00a0<\/td><td><p>Jos\u00e9 Ortiz Rivera<\/p><\/td><td>\u00a0\u00a0\u00a0\u00a0<\/td><td>Miguel Correa Jumpa<\/td><\/tr><tr><td><p>Daniel Briones Alvarez<\/p><\/td><td>\u00a0\u00a0\u00a0\u00a0<\/td><td><p>Marco Oyanguren Le\u00f3n<\/p><\/td><td>\u00a0\u00a0\u00a0\u00a0<\/td><td>Esther Angelica Rivera Feijoo<\/td><\/tr><tr><td><p>Hugo Casallo Salvatierra<\/p><\/td><td>\u00a0\u00a0\u00a0\u00a0<\/td><td><p>Ricardo Ponce Mayta<\/p><\/td><td>\u00a0\u00a0\u00a0\u00a0<\/td><td>Henry Mamfredo Zambrana Flores<\/td><\/tr><tr><td><p>Larry Concha Bedregal<\/p><\/td><td>\u00a0\u00a0\u00a0\u00a0<\/td><td><p>David Regalado Palomino<\/p><\/td><td>\u00a0\u00a0\u00a0\u00a0<\/td><td>Humberto Montes Ch\u00e1vez<\/td><\/tr><tr><td><p>Juan Jos\u00e9 Condori Lecca<\/p><\/td><td>\u00a0\u00a0\u00a0\u00a0<\/td><td><p>Lucio R\u00edos Quinteros<\/p><\/td><td>\u00a0\u00a0\u00a0\u00a0<\/td><td>Jacinto Trujillo Silva<\/td><\/tr><tr><td><p>Jorge Cuadros Blas<\/p><\/td><td>\u00a0\u00a0\u00a0\u00a0<\/td><td><p>Heraclio R\u00edos Quinteros<\/p><\/td><td>\u00a0\u00a0\u00a0\u00a0<\/td><td>Jos\u00e9 Armando Pineda Terreros<\/td><\/tr><tr><td><p>Melqu\u00edades Damian Jara<\/p><\/td><td>\u00a0\u00a0\u00a0\u00a0<\/td><td><p>Santos Rivera Lecaro<\/p><\/td><td>\u00a0\u00a0\u00a0\u00a0<\/td><td>Juan Arcangel Vega Lino<\/td><\/tr><tr><td><p>Felipe De Lucio Pezet (\u2020)<\/p><\/td><td>\u00a0\u00a0\u00a0\u00a0<\/td><td><p>Carlos Rodr\u00edguez Vigo<\/p><\/td><td>\u00a0\u00a0\u00a0\u00a0<\/td><td>Julio C\u00e9sar Estrada Pita<\/td><\/tr><tr><td><p>Hern\u00e1n Del Castillo Cuba \u2013 \u2013 \u2013<\/p><\/td><td>\u00a0\u00a0\u00a0\u00a0<\/td><td><p>Julio Rojas Echenique<\/p><\/td><td>\u00a0\u00a0\u00a0\u00a0<\/td><td>Luis Wakehaman Maggiolo<\/td><\/tr><tr><td><p>F\u00e9lix Escalante Del Aguila \u2013 \u2013 \u2013<\/p><\/td><td>\u00a0\u00a0\u00a0\u00a0<\/td><td><p>Segundo Rojas Gallardo<\/p><\/td><td>\u00a0\u00a0\u00a0\u00a0<\/td><td>Mario Hernan Del Castillo Cuba<\/td><\/tr><tr><td><p>Walter Estrada L\u00f3pez\u00a0<\/p><\/td><td>\u00a0\u00a0\u00a0\u00a0<\/td><td><p>Iv\u00e1n Romero Mart\u00ednez<\/p><\/td><td>\u00a0\u00a0\u00a0\u00a0<\/td><td>Miguel Angel Correa Jumpa<\/td><\/tr><tr><td><p>Miguel Farf\u00e1n Chuecas<\/p><\/td><td>\u00a0\u00a0\u00a0\u00a0<\/td><td><p>C\u00e9sar Rond\u00f3n Arnao \u2013 \u2013 \u2013<\/p><\/td><td>\u00a0\u00a0\u00a0\u00a0<\/td><td>Segundo Escalante Del Aguila<\/td><\/tr><tr><td><p>Mart\u00edn Garc\u00eda Garc\u00eda<\/p><\/td><td>\u00a0\u00a0\u00a0\u00a0<\/td><td><p>Otto Rosasco Gerkes<\/p><\/td><td>\u00a0\u00a0\u00a0\u00a0<\/td><td>Miguel Angel Yucra Ccahuana<\/td><\/tr><tr><td><p>Carlos Gonzales Zevallos<\/p><\/td><td>\u00a0\u00a0\u00a0\u00a0<\/td><td><p>Augusto Modesto Salas Nu\u00f1ez<\/p><\/td><td>\u00a0\u00a0\u00a0\u00a0<\/td><td>Miguel Angel Salvador Ricra<\/td><\/tr><tr><td><p>Sandro Guarniz Anticona<\/p><\/td><td>\u00a0\u00a0\u00a0\u00a0<\/td><td><p>Heli S\u00e1nchez Ar\u00e9valo<\/p><\/td><td>\u00a0\u00a0\u00a0\u00a0<\/td><td>Rene Marcial Reyes Olivera<\/td><\/tr><tr><td><p>Tom\u00e1s Guerrero M\u00e9ndez<\/p><\/td><td>\u00a0\u00a0\u00a0\u00a0<\/td><td><p>Luis S\u00e1nchez Gonzales<\/p><\/td><td>\u00a0\u00a0\u00a0\u00a0<\/td><td>Oscar Espinoza Bedoya<\/td><\/tr><tr><td><p>Jos\u00e9 Carlos Horna Elliot<\/p><\/td><td>\u00a0\u00a0\u00a0\u00a0<\/td><td><p>Marcello Santillana Salas<\/p><\/td><td>\u00a0\u00a0\u00a0\u00a0<\/td><td>Luis Hugo S\u00e1nchez Pantoja<\/td><\/tr><tr><td><p>Pe\u00f1afort Luis Huaman Ureta<\/p><\/td><td>\u00a0\u00a0\u00a0\u00a0<\/td><td><p>George Schofield Bonello<\/p><\/td><td>\u00a0\u00a0\u00a0\u00a0<\/td><td>Franklin Valeriano Quispe<\/td><\/tr><tr><td><p>Juan Huarcaya Huamanyalli<\/p><\/td><td>\u00a0\u00a0\u00a0\u00a0<\/td><td><p>V\u00edctor Silva Ramos<\/p><\/td><td>\u00a0\u00a0\u00a0\u00a0<\/td><td>Orlando Quintanilla Ramirez<\/td><\/tr><tr><td><p>Anibal Iba\u00f1ez Vera-Portocarrero<\/p><\/td><td>\u00a0\u00a0\u00a0\u00a0<\/td><td><p>Walter Sologuren Jordan<\/p><\/td><td>\u00a0\u00a0\u00a0\u00a0<\/td><td>Warren Van Ronald\u00b4s Correa Reyes<\/td><\/tr><tr><td><p>Juan Inchaustegui Vargas<\/p><\/td><td>\u00a0\u00a0\u00a0\u00a0<\/td><td><p>Hern\u00e1n Tanabe Okada<\/p><\/td><td>\u00a0\u00a0\u00a0\u00a0<\/td><td>Freddy Richard Motta Rodriguez<\/td><\/tr><tr><td><p>Benjam\u00edn Jarufe Zed\u00e1n<\/p><\/td><td>\u00a0\u00a0\u00a0\u00a0<\/td><td><p>Orlando Tupia Paucar<\/p><\/td><td>\u00a0\u00a0\u00a0\u00a0<\/td><td>Rodrigo Jhunior Gonzales Castro<\/td><\/tr><tr><td><p>Luis Antonio Lastra Espinoza<\/p><\/td><td>\u00a0\u00a0\u00a0\u00a0<\/td><td><p>Juan Tur\u00edn Soto<\/p><\/td><td>\u00a0\u00a0\u00a0\u00a0<\/td><td>Luis Wakeman Maggiolo<\/td><\/tr><tr><td><p>Jos\u00e9 Le\u00f3n Ojeda<\/p><\/td><td>\u00a0\u00a0\u00a0\u00a0<\/td><td><p>Arzb. Juan Antonio Ugarte P\u00e9rez<\/p><\/td><td>\u00a0\u00a0\u00a0\u00a0<\/td><td>Luis Calle Benavides<\/td><\/tr><tr><td><p>Emilio Llosa Garc\u00eda<\/p><\/td><td>\u00a0\u00a0\u00a0\u00a0<\/td><td><p>Christian Valqui Haase<\/p><\/td><td>\u00a0\u00a0\u00a0\u00a0<\/td><td>\u00a0<\/td><\/tr><tr><td><p>Rub\u00e9n Madrid Zagazeta<\/p><\/td><td>\u00a0\u00a0\u00a0\u00a0<\/td><td><p>Rafael Vasquez Rodriguez<\/p><\/td><td>\u00a0\u00a0\u00a0\u00a0<\/td><td>\u00a0<\/td><\/tr><tr><td><p>Jos\u00e9 Manzaneda Cabala<\/p><\/td><td>\u00a0\u00a0\u00a0\u00a0<\/td><td><p>Jos\u00e9 Vidal\u00f3n G\u00e1lvez<\/p><\/td><\/tr><\/tbody><\/table><\/div>\n\t\t\t\t<\/div>\n\t\t\t\t\t\t\t\t<\/div>\n\t\t\t\t\t\t<\/div>\n\t\t\t\t<\/div>\n\t\t\t\t\t<\/div>\n\t\t<\/div>\n\t\t\t\t\t<\/div>\n\t\t<\/section>\n\t\t\t\t<\/div>","protected":false},"excerpt":{"rendered":"<p>\u00bfQUI\u00c9NES INTEGRAN ACTUALMENTE NUESTRA LISTA DE MIEMBROS? Presentamos con satisfacci\u00f3n a nuestros miembros, distinguidos profesionales que, respondiendo a nuestro llamado, se han involucrado con el proyecto ProUNI. Miembros Activos Fundadores Augusto Baertl Montori Alberto Benavides De la Quintana (\u2020) Pedro Brescia Cafferata (\u2020) Carlos Castro Rodr\u00edguez Carlos Delius Evers (\u2020) Eduardo Farah Hayn Andr\u00e9s Marsano &#8230; <a title=\"MIEMBROS\" class=\"read-more\" href=\"https:\/\/prouni.intelectiasac.com\/en\/miembros\/\" aria-label=\"Read more about MIEMBROS\">Read more<\/a><\/p>","protected":false},"author":1,"featured_media":0,"parent":0,"menu_order":0,"comment_status":"closed","ping_status":"closed","template":"","meta":{"footnotes":""},"class_list":["post-1975","page","type-page","status-publish"],"yoast_head":"<!-- This site is optimized with the Yoast SEO plugin v25.0 - https:\/\/yoast.com\/wordpress\/plugins\/seo\/ -->\n<title>MIEMBROS - ProUni<\/title>\n<meta name=\"robots\" content=\"index, follow, max-snippet:-1, max-image-preview:large, max-video-preview:-1\" \/>\n<link rel=\"canonical\" href=\"https:\/\/prouni.intelectiasac.com\/en\/miembros\/\" \/>\n<meta property=\"og:locale\" content=\"en_US\" \/>\n<meta property=\"og:type\" content=\"article\" \/>\n<meta property=\"og:title\" content=\"MIEMBROS - ProUni\" \/>\n<meta property=\"og:description\" content=\"\u00bfQUI\u00c9NES INTEGRAN ACTUALMENTE NUESTRA LISTA DE MIEMBROS? Presentamos con satisfacci\u00f3n a nuestros miembros, distinguidos profesionales que, respondiendo a nuestro llamado, se han involucrado con el proyecto ProUNI. Miembros Activos Fundadores Augusto Baertl Montori Alberto Benavides De la Quintana (\u2020) Pedro Brescia Cafferata (\u2020) Carlos Castro Rodr\u00edguez Carlos Delius Evers (\u2020) Eduardo Farah Hayn Andr\u00e9s Marsano ... Read more\" \/>\n<meta property=\"og:url\" content=\"https:\/\/prouni.intelectiasac.com\/en\/miembros\/\" \/>\n<meta property=\"og:site_name\" content=\"ProUni\" \/>\n<meta property=\"article:publisher\" content=\"https:\/\/www.facebook.com\/patronatouni\" \/>\n<meta property=\"article:modified_time\" content=\"2024-03-29T22:55:50+00:00\" \/>\n<meta name=\"twitter:card\" content=\"summary_large_image\" \/>\n<meta name=\"twitter:site\" content=\"@PatronatoUNI\" \/>\n<meta name=\"twitter:label1\" content=\"Est. reading time\" \/>\n\t<meta name=\"twitter:data1\" content=\"3 minutes\" \/>\n<script type=\"application\/ld+json\" class=\"yoast-schema-graph\">{\"@context\":\"https:\/\/schema.org\",\"@graph\":[{\"@type\":\"WebPage\",\"@id\":\"https:\/\/prouni.intelectiasac.com\/miembros\/\",\"url\":\"https:\/\/prouni.intelectiasac.com\/miembros\/\",\"name\":\"MIEMBROS - ProUni\",\"isPartOf\":{\"@id\":\"https:\/\/prouni.intelectiasac.com\/#website\"},\"datePublished\":\"2021-04-22T19:51:49+00:00\",\"dateModified\":\"2024-03-29T22:55:50+00:00\",\"breadcrumb\":{\"@id\":\"https:\/\/prouni.intelectiasac.com\/miembros\/#breadcrumb\"},\"inLanguage\":\"en-US\",\"potentialAction\":[{\"@type\":\"ReadAction\",\"target\":[\"https:\/\/prouni.intelectiasac.com\/miembros\/\"]}]},{\"@type\":\"BreadcrumbList\",\"@id\":\"https:\/\/prouni.intelectiasac.com\/miembros\/#breadcrumb\",\"itemListElement\":[{\"@type\":\"ListItem\",\"position\":1,\"name\":\"Portada\",\"item\":\"https:\/\/prouni.intelectiasac.com\/\"},{\"@type\":\"ListItem\",\"position\":2,\"name\":\"MIEMBROS\"}]},{\"@type\":\"WebSite\",\"@id\":\"https:\/\/prouni.intelectiasac.com\/#website\",\"url\":\"https:\/\/prouni.intelectiasac.com\/\",\"name\":\"ProUni\",\"description\":\"Patronato UNI - Patronato de la Universidad Nacional de Ingenier\u00eda\",\"publisher\":{\"@id\":\"https:\/\/prouni.intelectiasac.com\/#organization\"},\"potentialAction\":[{\"@type\":\"SearchAction\",\"target\":{\"@type\":\"EntryPoint\",\"urlTemplate\":\"https:\/\/prouni.intelectiasac.com\/?s={search_term_string}\"},\"query-input\":{\"@type\":\"PropertyValueSpecification\",\"valueRequired\":true,\"valueName\":\"search_term_string\"}}],\"inLanguage\":\"en-US\"},{\"@type\":\"Organization\",\"@id\":\"https:\/\/prouni.intelectiasac.com\/#organization\",\"name\":\"ProUni\",\"url\":\"https:\/\/prouni.intelectiasac.com\/\",\"logo\":{\"@type\":\"ImageObject\",\"inLanguage\":\"en-US\",\"@id\":\"https:\/\/prouni.intelectiasac.com\/#\/schema\/logo\/image\/\",\"url\":\"https:\/\/prouni.intelectiasac.com\/wp-content\/uploads\/2021\/05\/01prounintenso-e1630208931706.png\",\"contentUrl\":\"https:\/\/prouni.intelectiasac.com\/wp-content\/uploads\/2021\/05\/01prounintenso-e1630208931706.png\",\"width\":100,\"height\":80,\"caption\":\"ProUni\"},\"image\":{\"@id\":\"https:\/\/prouni.intelectiasac.com\/#\/schema\/logo\/image\/\"},\"sameAs\":[\"https:\/\/www.facebook.com\/patronatouni\",\"https:\/\/x.com\/PatronatoUNI\",\"https:\/\/www.youtube.com\/user\/PatronatoUNI\"]}]}<\/script>\n<!-- \/ Yoast SEO plugin. -->","yoast_head_json":{"title":"MIEMBROS - ProUni","robots":{"index":"index","follow":"follow","max-snippet":"max-snippet:-1","max-image-preview":"max-image-preview:large","max-video-preview":"max-video-preview:-1"},"canonical":"https:\/\/prouni.intelectiasac.com\/en\/miembros\/","og_locale":"en_US","og_type":"article","og_title":"MIEMBROS - ProUni","og_description":"\u00bfQUI\u00c9NES INTEGRAN ACTUALMENTE NUESTRA LISTA DE MIEMBROS? Presentamos con satisfacci\u00f3n a nuestros miembros, distinguidos profesionales que, respondiendo a nuestro llamado, se han involucrado con el proyecto ProUNI. Miembros Activos Fundadores Augusto Baertl Montori Alberto Benavides De la Quintana (\u2020) Pedro Brescia Cafferata (\u2020) Carlos Castro Rodr\u00edguez Carlos Delius Evers (\u2020) Eduardo Farah Hayn Andr\u00e9s Marsano ... Read more","og_url":"https:\/\/prouni.intelectiasac.com\/en\/miembros\/","og_site_name":"ProUni","article_publisher":"https:\/\/www.facebook.com\/patronatouni","article_modified_time":"2024-03-29T22:55:50+00:00","twitter_card":"summary_large_image","twitter_site":"@PatronatoUNI","twitter_misc":{"Est. reading time":"3 minutes"},"schema":{"@context":"https:\/\/schema.org","@graph":[{"@type":"WebPage","@id":"https:\/\/prouni.intelectiasac.com\/miembros\/","url":"https:\/\/prouni.intelectiasac.com\/miembros\/","name":"MIEMBROS - ProUni","isPartOf":{"@id":"https:\/\/prouni.intelectiasac.com\/#website"},"datePublished":"2021-04-22T19:51:49+00:00","dateModified":"2024-03-29T22:55:50+00:00","breadcrumb":{"@id":"https:\/\/prouni.intelectiasac.com\/miembros\/#breadcrumb"},"inLanguage":"en-US","potentialAction":[{"@type":"ReadAction","target":["https:\/\/prouni.intelectiasac.com\/miembros\/"]}]},{"@type":"BreadcrumbList","@id":"https:\/\/prouni.intelectiasac.com\/miembros\/#breadcrumb","itemListElement":[{"@type":"ListItem","position":1,"name":"Portada","item":"https:\/\/prouni.intelectiasac.com\/"},{"@type":"ListItem","position":2,"name":"MIEMBROS"}]},{"@type":"WebSite","@id":"https:\/\/prouni.intelectiasac.com\/#website","url":"https:\/\/prouni.intelectiasac.com\/","name":"ProUni","description":"Patronato UNI - Patronato de la Universidad Nacional de Ingenier\u00eda","publisher":{"@id":"https:\/\/prouni.intelectiasac.com\/#organization"},"potentialAction":[{"@type":"SearchAction","target":{"@type":"EntryPoint","urlTemplate":"https:\/\/prouni.intelectiasac.com\/?s={search_term_string}"},"query-input":{"@type":"PropertyValueSpecification","valueRequired":true,"valueName":"search_term_string"}}],"inLanguage":"en-US"},{"@type":"Organization","@id":"https:\/\/prouni.intelectiasac.com\/#organization","name":"ProUni","url":"https:\/\/prouni.intelectiasac.com\/","logo":{"@type":"ImageObject","inLanguage":"en-US","@id":"https:\/\/prouni.intelectiasac.com\/#\/schema\/logo\/image\/","url":"https:\/\/prouni.intelectiasac.com\/wp-content\/uploads\/2021\/05\/01prounintenso-e1630208931706.png","contentUrl":"https:\/\/prouni.intelectiasac.com\/wp-content\/uploads\/2021\/05\/01prounintenso-e1630208931706.png","width":100,"height":80,"caption":"ProUni"},"image":{"@id":"https:\/\/prouni.intelectiasac.com\/#\/schema\/logo\/image\/"},"sameAs":["https:\/\/www.facebook.com\/patronatouni","https:\/\/x.com\/PatronatoUNI","https:\/\/www.youtube.com\/user\/PatronatoUNI"]}]}},"_links":{"self":[{"href":"https:\/\/prouni.intelectiasac.com\/en\/wp-json\/wp\/v2\/pages\/1975","targetHints":{"allow":["GET"]}}],"collection":[{"href":"https:\/\/prouni.intelectiasac.com\/en\/wp-json\/wp\/v2\/pages"}],"about":[{"href":"https:\/\/prouni.intelectiasac.com\/en\/wp-json\/wp\/v2\/types\/page"}],"author":[{"embeddable":true,"href":"https:\/\/prouni.intelectiasac.com\/en\/wp-json\/wp\/v2\/users\/1"}],"replies":[{"embeddable":true,"href":"https:\/\/prouni.intelectiasac.com\/en\/wp-json\/wp\/v2\/comments?post=1975"}],"version-history":[{"count":37,"href":"https:\/\/prouni.intelectiasac.com\/en\/wp-json\/wp\/v2\/pages\/1975\/revisions"}],"predecessor-version":[{"id":4249,"href":"https:\/\/prouni.intelectiasac.com\/en\/wp-json\/wp\/v2\/pages\/1975\/revisions\/4249"}],"wp:attachment":[{"href":"https:\/\/prouni.intelectiasac.com\/en\/wp-json\/wp\/v2\/media?parent=1975"}],"curies":[{"name":"wp","href":"https:\/\/api.w.org\/{rel}","templated":true}]}}