{"id":6758,"date":"2024-04-04T15:45:52","date_gmt":"2024-04-04T20:45:52","guid":{"rendered":"https:\/\/prouni.intelectiasac.com\/?page_id=6758"},"modified":"2024-04-06T10:40:21","modified_gmt":"2024-04-06T15:40:21","slug":"nosotros-prouni","status":"publish","type":"page","link":"https:\/\/prouni.intelectiasac.com\/en\/nosotros-prouni\/","title":{"rendered":"Who we are"},"content":{"rendered":"<div data-elementor-type=\"wp-page\" data-elementor-id=\"6758\" class=\"elementor elementor-6758\" data-elementor-post-type=\"page\">\n\t\t\t\t\t\t<section class=\"elementor-section elementor-top-section elementor-element elementor-element-31a8fb0 elementor-section-stretched elementor-section-boxed elementor-section-height-default elementor-section-height-default\" data-id=\"31a8fb0\" data-element_type=\"section\" data-settings=\"{&quot;stretch_section&quot;:&quot;section-stretched&quot;}\">\n\t\t\t\t\t\t<div class=\"elementor-container elementor-column-gap-default\">\n\t\t\t\t\t<div class=\"elementor-column elementor-col-100 elementor-top-column elementor-element elementor-element-a66968b\" data-id=\"a66968b\" data-element_type=\"column\">\n\t\t\t<div class=\"elementor-widget-wrap elementor-element-populated\">\n\t\t\t\t\t\t<div class=\"elementor-element elementor-element-6990cdf elementor-widget elementor-widget-heading\" data-id=\"6990cdf\" data-element_type=\"widget\" data-widget_type=\"heading.default\">\n\t\t\t\t<div class=\"elementor-widget-container\">\n\t\t\t\t\t<h2 class=\"elementor-heading-title elementor-size-default\">ProUNI<\/h2>\t\t\t\t<\/div>\n\t\t\t\t<\/div>\n\t\t\t\t<div class=\"elementor-element elementor-element-0073819 elementor-widget elementor-widget-text-editor\" data-id=\"0073819\" data-element_type=\"widget\" data-widget_type=\"text-editor.default\">\n\t\t\t\t<div class=\"elementor-widget-container\">\n\t\t\t\t\t\t\t\t\t<p style=\"text-align: justify;\">The Board of Trustees of the National Engineering University (ProUNI) is a non-profit civil association, made up of natural and legal persons, whose purpose is to contribute to raising the academic quality of the National Engineering University; as well as expanding and consolidating the relations of the National University of Engineering with the business sector.<\/p>\t\t\t\t\t\t\t\t<\/div>\n\t\t\t\t<\/div>\n\t\t\t\t\t<\/div>\n\t\t<\/div>\n\t\t\t\t\t<\/div>\n\t\t<\/section>\n\t\t\t\t<section class=\"elementor-section elementor-top-section elementor-element elementor-element-f74f275 elementor-section-stretched elementor-section-boxed elementor-section-height-default elementor-section-height-default\" data-id=\"f74f275\" data-element_type=\"section\" data-settings=\"{&quot;stretch_section&quot;:&quot;section-stretched&quot;}\">\n\t\t\t\t\t\t<div class=\"elementor-container elementor-column-gap-default\">\n\t\t\t\t\t<div class=\"elementor-column elementor-col-100 elementor-top-column elementor-element elementor-element-9176e42\" data-id=\"9176e42\" data-element_type=\"column\">\n\t\t\t<div class=\"elementor-widget-wrap elementor-element-populated\">\n\t\t\t\t\t\t<div class=\"elementor-element elementor-element-dc5a037 elementor-widget elementor-widget-toggle\" data-id=\"dc5a037\" data-element_type=\"widget\" data-widget_type=\"toggle.default\">\n\t\t\t\t<div class=\"elementor-widget-container\">\n\t\t\t\t\t\t\t<div class=\"elementor-toggle\">\n\t\t\t\t\t\t\t<div class=\"elementor-toggle-item\">\n\t\t\t\t\t<div id=\"elementor-tab-title-2311\" class=\"elementor-tab-title\" data-tab=\"1\" role=\"button\" aria-controls=\"elementor-tab-content-2311\" aria-expanded=\"false\">\n\t\t\t\t\t\t\t\t\t\t\t\t<span class=\"elementor-toggle-icon elementor-toggle-icon-left\" aria-hidden=\"true\">\n\t\t\t\t\t\t\t\t\t\t\t\t\t\t\t<span class=\"elementor-toggle-icon-closed\"><i class=\"fas fa-caret-right\"><\/i><\/span>\n\t\t\t\t\t\t\t\t<span class=\"elementor-toggle-icon-opened\"><i class=\"elementor-toggle-icon-opened fas fa-caret-up\"><\/i><\/span>\n\t\t\t\t\t\t\t\t\t\t\t\t\t<\/span>\n\t\t\t\t\t\t\t\t\t\t\t\t<a class=\"elementor-toggle-title\" tabindex=\"0\">MISSION<\/a>\n\t\t\t\t\t<\/div>\n\n\t\t\t\t\t<div id=\"elementor-tab-content-2311\" class=\"elementor-tab-content elementor-clearfix\" data-tab=\"1\" role=\"region\" aria-labelledby=\"elementor-tab-title-2311\"><p style=\"text-align: justify;\">Develop activities aimed at raising the level of academic excellence of the National University of Engineering at the service of business activity and the community.<\/p><\/div>\n\t\t\t\t<\/div>\n\t\t\t\t\t\t\t<div class=\"elementor-toggle-item\">\n\t\t\t\t\t<div id=\"elementor-tab-title-2312\" class=\"elementor-tab-title\" data-tab=\"2\" role=\"button\" aria-controls=\"elementor-tab-content-2312\" aria-expanded=\"false\">\n\t\t\t\t\t\t\t\t\t\t\t\t<span class=\"elementor-toggle-icon elementor-toggle-icon-left\" aria-hidden=\"true\">\n\t\t\t\t\t\t\t\t\t\t\t\t\t\t\t<span class=\"elementor-toggle-icon-closed\"><i class=\"fas fa-caret-right\"><\/i><\/span>\n\t\t\t\t\t\t\t\t<span class=\"elementor-toggle-icon-opened\"><i class=\"elementor-toggle-icon-opened fas fa-caret-up\"><\/i><\/span>\n\t\t\t\t\t\t\t\t\t\t\t\t\t<\/span>\n\t\t\t\t\t\t\t\t\t\t\t\t<a class=\"elementor-toggle-title\" tabindex=\"0\">VISION<\/a>\n\t\t\t\t\t<\/div>\n\n\t\t\t\t\t<div id=\"elementor-tab-content-2312\" class=\"elementor-tab-content elementor-clearfix\" data-tab=\"2\" role=\"region\" aria-labelledby=\"elementor-tab-title-2312\"><p style=\"text-align: justify;\">To become an institution that promotes academic excellence and training of undergraduate and postgraduate students of the National University of Engineering, which contributes to the growth of our country.<\/p><\/div>\n\t\t\t\t<\/div>\n\t\t\t\t\t\t\t<div class=\"elementor-toggle-item\">\n\t\t\t\t\t<div id=\"elementor-tab-title-2313\" class=\"elementor-tab-title\" data-tab=\"3\" role=\"button\" aria-controls=\"elementor-tab-content-2313\" aria-expanded=\"false\">\n\t\t\t\t\t\t\t\t\t\t\t\t<span class=\"elementor-toggle-icon elementor-toggle-icon-left\" aria-hidden=\"true\">\n\t\t\t\t\t\t\t\t\t\t\t\t\t\t\t<span class=\"elementor-toggle-icon-closed\"><i class=\"fas fa-caret-right\"><\/i><\/span>\n\t\t\t\t\t\t\t\t<span class=\"elementor-toggle-icon-opened\"><i class=\"elementor-toggle-icon-opened fas fa-caret-up\"><\/i><\/span>\n\t\t\t\t\t\t\t\t\t\t\t\t\t<\/span>\n\t\t\t\t\t\t\t\t\t\t\t\t<a class=\"elementor-toggle-title\" tabindex=\"0\">OBJECTIVES<\/a>\n\t\t\t\t\t<\/div>\n\n\t\t\t\t\t<div id=\"elementor-tab-content-2313\" class=\"elementor-tab-content elementor-clearfix\" data-tab=\"3\" role=\"region\" aria-labelledby=\"elementor-tab-title-2313\"><ul><li style=\"text-align: justify;\">Support the National University of Engineering in its efforts to raise the level of academic excellence at the service of production and business productivity; science and technology, as well as the welfare of the community.<br \/><br \/><\/li><li style=\"text-align: justify;\">Expand and consolidate the relations of the National University of Engineering with the business sector.<br \/><br \/><\/li><li style=\"text-align: justify;\">Promote and contribute to the development of the physical infrastructure and equipment of the National Engineering University.<\/li><\/ul><\/div>\n\t\t\t\t<\/div>\n\t\t\t\t\t\t\t<div class=\"elementor-toggle-item\">\n\t\t\t\t\t<div id=\"elementor-tab-title-2314\" class=\"elementor-tab-title\" data-tab=\"4\" role=\"button\" aria-controls=\"elementor-tab-content-2314\" aria-expanded=\"false\">\n\t\t\t\t\t\t\t\t\t\t\t\t<span class=\"elementor-toggle-icon elementor-toggle-icon-left\" aria-hidden=\"true\">\n\t\t\t\t\t\t\t\t\t\t\t\t\t\t\t<span class=\"elementor-toggle-icon-closed\"><i class=\"fas fa-caret-right\"><\/i><\/span>\n\t\t\t\t\t\t\t\t<span class=\"elementor-toggle-icon-opened\"><i class=\"elementor-toggle-icon-opened fas fa-caret-up\"><\/i><\/span>\n\t\t\t\t\t\t\t\t\t\t\t\t\t<\/span>\n\t\t\t\t\t\t\t\t\t\t\t\t<a class=\"elementor-toggle-title\" tabindex=\"0\">ORGANIZATION<\/a>\n\t\t\t\t\t<\/div>\n\n\t\t\t\t\t<div id=\"elementor-tab-content-2314\" class=\"elementor-tab-content elementor-clearfix\" data-tab=\"4\" role=\"region\" aria-labelledby=\"elementor-tab-title-2314\"><p style=\"text-align: justify;\">The UNI Board of Trustees is made up of a Board of Directors, a Management Area and an Administrative Area made up of the following people:<\/p><\/div>\n\t\t\t\t<\/div>\n\t\t\t\t\t\t\t<div class=\"elementor-toggle-item\">\n\t\t\t\t\t<div id=\"elementor-tab-title-2315\" class=\"elementor-tab-title\" data-tab=\"5\" role=\"button\" aria-controls=\"elementor-tab-content-2315\" aria-expanded=\"false\">\n\t\t\t\t\t\t\t\t\t\t\t\t<span class=\"elementor-toggle-icon elementor-toggle-icon-left\" aria-hidden=\"true\">\n\t\t\t\t\t\t\t\t\t\t\t\t\t\t\t<span class=\"elementor-toggle-icon-closed\"><i class=\"fas fa-caret-right\"><\/i><\/span>\n\t\t\t\t\t\t\t\t<span class=\"elementor-toggle-icon-opened\"><i class=\"elementor-toggle-icon-opened fas fa-caret-up\"><\/i><\/span>\n\t\t\t\t\t\t\t\t\t\t\t\t\t<\/span>\n\t\t\t\t\t\t\t\t\t\t\t\t<a class=\"elementor-toggle-title\" tabindex=\"0\">CONSEJO DIRECTIVO 2023 - 2025<\/a>\n\t\t\t\t\t<\/div>\n\n\t\t\t\t\t<div id=\"elementor-tab-content-2315\" class=\"elementor-tab-content elementor-clearfix\" data-tab=\"5\" role=\"region\" aria-labelledby=\"elementor-tab-title-2315\"><table><tbody><tr><td><p><strong>President:<\/strong><\/p><\/td><td><p>\u00a0Eng. Roque Eduardo Benavides Ganoza<\/p><\/td><\/tr><tr><td><p><strong>First Vice President:<\/strong><\/p><\/td><td><p>\u00a0Eng. Fernando Cill\u00f3niz Benavides<\/p><\/td><\/tr><tr><td><p><strong>Second Vice President:<\/strong><\/p><\/td><td><p>\u00a0Arq. Luz Evangelina Arias Vargas<\/p><\/td><\/tr><tr><td><p><strong>Economics secretary:<\/strong><\/p><\/td><td><p>\u00a0Eng. Francisco Augusto Beartl Montori<\/p><\/td><\/tr><tr><td><p><strong>Organization Secretary:<\/strong><\/p><\/td><td><p>\u00a0Eng. C\u00e9sar Augusto Pongo Huam\u00e1n<\/p><\/td><\/tr><tr><td><p><strong>Secretary of Corporate Affairs:<\/strong><\/p><\/td><td><p>\u00a0Eng. C\u00e9sar Augusto Pongo Huam\u00e1n<\/p><\/td><\/tr><tr><td><p><strong>Secretary of Public Relations:<\/strong><\/p><\/td><td><p>\u00a0Eng. Filiberto Revilla Delgado<\/p><\/td><\/tr><\/tbody><\/table><\/div>\n\t\t\t\t<\/div>\n\t\t\t\t\t\t\t<div class=\"elementor-toggle-item\">\n\t\t\t\t\t<div id=\"elementor-tab-title-2316\" class=\"elementor-tab-title\" data-tab=\"6\" role=\"button\" aria-controls=\"elementor-tab-content-2316\" aria-expanded=\"false\">\n\t\t\t\t\t\t\t\t\t\t\t\t<span class=\"elementor-toggle-icon elementor-toggle-icon-left\" aria-hidden=\"true\">\n\t\t\t\t\t\t\t\t\t\t\t\t\t\t\t<span class=\"elementor-toggle-icon-closed\"><i class=\"fas fa-caret-right\"><\/i><\/span>\n\t\t\t\t\t\t\t\t<span class=\"elementor-toggle-icon-opened\"><i class=\"elementor-toggle-icon-opened fas fa-caret-up\"><\/i><\/span>\n\t\t\t\t\t\t\t\t\t\t\t\t\t<\/span>\n\t\t\t\t\t\t\t\t\t\t\t\t<a class=\"elementor-toggle-title\" tabindex=\"0\">ADMINISTRATION<\/a>\n\t\t\t\t\t<\/div>\n\n\t\t\t\t\t<div id=\"elementor-tab-content-2316\" class=\"elementor-tab-content elementor-clearfix\" data-tab=\"6\" role=\"region\" aria-labelledby=\"elementor-tab-title-2316\"><table><tbody><tr><td><p><strong>UNI Board of Trustees Administrator<\/strong><\/p><\/td><td><p>\u00a0Ms. Vilma Chumpitasi Rocca<\/p><\/td><\/tr><tr><td><p><strong>Institutional Image Patronato UNI<\/strong><\/p><\/td><td><p>\u00a0Ms. Mercedes Valderrama Acu\u00f1a<\/p><\/td><\/tr><\/tbody><\/table><\/div>\n\t\t\t\t<\/div>\n\t\t\t\t\t\t\t<div class=\"elementor-toggle-item\">\n\t\t\t\t\t<div id=\"elementor-tab-title-2317\" class=\"elementor-tab-title\" data-tab=\"7\" role=\"button\" aria-controls=\"elementor-tab-content-2317\" aria-expanded=\"false\">\n\t\t\t\t\t\t\t\t\t\t\t\t<span class=\"elementor-toggle-icon elementor-toggle-icon-left\" aria-hidden=\"true\">\n\t\t\t\t\t\t\t\t\t\t\t\t\t\t\t<span class=\"elementor-toggle-icon-closed\"><i class=\"fas fa-caret-right\"><\/i><\/span>\n\t\t\t\t\t\t\t\t<span class=\"elementor-toggle-icon-opened\"><i class=\"elementor-toggle-icon-opened fas fa-caret-up\"><\/i><\/span>\n\t\t\t\t\t\t\t\t\t\t\t\t\t<\/span>\n\t\t\t\t\t\t\t\t\t\t\t\t<a class=\"elementor-toggle-title\" tabindex=\"0\">STATUTES<\/a>\n\t\t\t\t\t<\/div>\n\n\t\t\t\t\t<div id=\"elementor-tab-content-2317\" class=\"elementor-tab-content elementor-clearfix\" data-tab=\"7\" role=\"region\" aria-labelledby=\"elementor-tab-title-2317\"><p style=\"text-align: justify;\">The statutes of our association are consigned in the following document that you can read\u00a0<a class=\"wf_file\" href=\"https:\/\/prouni.intelectiasac.com\/wp-content\/uploads\/2024\/03\/28.03.2023-Estatuto-vigente.pdf\" target=\"_blank\" rel=\"noopener noreferrer\"><span class=\"wf_file_text\">here<\/span><\/a>.<\/p><\/div>\n\t\t\t\t<\/div>\n\t\t\t\t\t\t\t\t<\/div>\n\t\t\t\t\t\t<\/div>\n\t\t\t\t<\/div>\n\t\t\t\t\t<\/div>\n\t\t<\/div>\n\t\t\t\t\t<\/div>\n\t\t<\/section>\n\t\t\t\t<\/div>","protected":false},"excerpt":{"rendered":"<p>ProUNI El Patronato de la Universidad Nacional de Ingenier\u00eda (ProUNI) es una asociaci\u00f3n civil sin fines de lucro, integrada por personas naturales y jur\u00eddicas, cuya finalidad es contribuir a elevar la calidad acad\u00e9mica de la Universidad Nacional de Ingenier\u00eda; as\u00ed como ampliar y consolidar las relaciones de la UNI con el sector empresarial. MISI\u00d3N Desarrollar &#8230; <a title=\"Who we are\" class=\"read-more\" href=\"https:\/\/prouni.intelectiasac.com\/en\/nosotros-prouni\/\" aria-label=\"Read more about Nosotros\">Read more<\/a><\/p>","protected":false},"author":1,"featured_media":710,"parent":0,"menu_order":0,"comment_status":"closed","ping_status":"closed","template":"elementor_theme","meta":{"footnotes":""},"class_list":["post-6758","page","type-page","status-publish","has-post-thumbnail"],"yoast_head":"<!-- This site is optimized with the Yoast SEO plugin v25.0 - https:\/\/yoast.com\/wordpress\/plugins\/seo\/ -->\n<title>Nosotros - ProUni<\/title>\n<meta name=\"robots\" content=\"index, follow, max-snippet:-1, max-image-preview:large, max-video-preview:-1\" \/>\n<link rel=\"canonical\" href=\"https:\/\/prouni.intelectiasac.com\/en\/nosotros-prouni\/\" \/>\n<meta property=\"og:locale\" content=\"en_US\" \/>\n<meta property=\"og:type\" content=\"article\" \/>\n<meta property=\"og:title\" content=\"Nosotros - ProUni\" \/>\n<meta property=\"og:description\" content=\"ProUNI El Patronato de la Universidad Nacional de Ingenier\u00eda (ProUNI) es una asociaci\u00f3n civil sin fines de lucro, integrada por personas naturales y jur\u00eddicas, cuya finalidad es contribuir a elevar la calidad acad\u00e9mica de la Universidad Nacional de Ingenier\u00eda; as\u00ed como ampliar y consolidar las relaciones de la UNI con el sector empresarial. MISI\u00d3N Desarrollar ... Read more\" \/>\n<meta property=\"og:url\" content=\"https:\/\/prouni.intelectiasac.com\/en\/nosotros-prouni\/\" \/>\n<meta property=\"og:site_name\" content=\"ProUni\" \/>\n<meta property=\"article:publisher\" content=\"https:\/\/www.facebook.com\/patronatouni\" \/>\n<meta property=\"article:modified_time\" content=\"2024-04-06T15:40:21+00:00\" \/>\n<meta property=\"og:image\" content=\"https:\/\/prouni.intelectiasac.com\/wp-content\/uploads\/2020\/12\/Portada_03-e1628011710192.jpg\" \/>\n\t<meta property=\"og:image:width\" content=\"1452\" \/>\n\t<meta property=\"og:image:height\" content=\"620\" \/>\n\t<meta property=\"og:image:type\" content=\"image\/jpeg\" \/>\n<meta name=\"twitter:card\" content=\"summary_large_image\" \/>\n<meta name=\"twitter:site\" content=\"@PatronatoUNI\" \/>\n<meta name=\"twitter:label1\" content=\"Est. reading time\" \/>\n\t<meta name=\"twitter:data1\" content=\"2 minutes\" \/>\n<script type=\"application\/ld+json\" class=\"yoast-schema-graph\">{\"@context\":\"https:\/\/schema.org\",\"@graph\":[{\"@type\":\"WebPage\",\"@id\":\"https:\/\/prouni.intelectiasac.com\/nosotros-prouni\/\",\"url\":\"https:\/\/prouni.intelectiasac.com\/nosotros-prouni\/\",\"name\":\"Nosotros - ProUni\",\"isPartOf\":{\"@id\":\"https:\/\/prouni.intelectiasac.com\/#website\"},\"primaryImageOfPage\":{\"@id\":\"https:\/\/prouni.intelectiasac.com\/nosotros-prouni\/#primaryimage\"},\"image\":{\"@id\":\"https:\/\/prouni.intelectiasac.com\/nosotros-prouni\/#primaryimage\"},\"thumbnailUrl\":\"https:\/\/prouni.intelectiasac.com\/wp-content\/uploads\/2020\/12\/Portada_03-e1628011710192.jpg\",\"datePublished\":\"2024-04-04T20:45:52+00:00\",\"dateModified\":\"2024-04-06T15:40:21+00:00\",\"breadcrumb\":{\"@id\":\"https:\/\/prouni.intelectiasac.com\/nosotros-prouni\/#breadcrumb\"},\"inLanguage\":\"en-US\",\"potentialAction\":[{\"@type\":\"ReadAction\",\"target\":[\"https:\/\/prouni.intelectiasac.com\/nosotros-prouni\/\"]}]},{\"@type\":\"ImageObject\",\"inLanguage\":\"en-US\",\"@id\":\"https:\/\/prouni.intelectiasac.com\/nosotros-prouni\/#primaryimage\",\"url\":\"https:\/\/prouni.intelectiasac.com\/wp-content\/uploads\/2020\/12\/Portada_03-e1628011710192.jpg\",\"contentUrl\":\"https:\/\/prouni.intelectiasac.com\/wp-content\/uploads\/2020\/12\/Portada_03-e1628011710192.jpg\",\"width\":1452,\"height\":620},{\"@type\":\"BreadcrumbList\",\"@id\":\"https:\/\/prouni.intelectiasac.com\/nosotros-prouni\/#breadcrumb\",\"itemListElement\":[{\"@type\":\"ListItem\",\"position\":1,\"name\":\"Portada\",\"item\":\"https:\/\/prouni.intelectiasac.com\/\"},{\"@type\":\"ListItem\",\"position\":2,\"name\":\"Nosotros\"}]},{\"@type\":\"WebSite\",\"@id\":\"https:\/\/prouni.intelectiasac.com\/#website\",\"url\":\"https:\/\/prouni.intelectiasac.com\/\",\"name\":\"ProUni\",\"description\":\"Patronato UNI - Patronato de la Universidad Nacional de Ingenier\u00eda\",\"publisher\":{\"@id\":\"https:\/\/prouni.intelectiasac.com\/#organization\"},\"potentialAction\":[{\"@type\":\"SearchAction\",\"target\":{\"@type\":\"EntryPoint\",\"urlTemplate\":\"https:\/\/prouni.intelectiasac.com\/?s={search_term_string}\"},\"query-input\":{\"@type\":\"PropertyValueSpecification\",\"valueRequired\":true,\"valueName\":\"search_term_string\"}}],\"inLanguage\":\"en-US\"},{\"@type\":\"Organization\",\"@id\":\"https:\/\/prouni.intelectiasac.com\/#organization\",\"name\":\"ProUni\",\"url\":\"https:\/\/prouni.intelectiasac.com\/\",\"logo\":{\"@type\":\"ImageObject\",\"inLanguage\":\"en-US\",\"@id\":\"https:\/\/prouni.intelectiasac.com\/#\/schema\/logo\/image\/\",\"url\":\"https:\/\/prouni.intelectiasac.com\/wp-content\/uploads\/2021\/05\/01prounintenso-e1630208931706.png\",\"contentUrl\":\"https:\/\/prouni.intelectiasac.com\/wp-content\/uploads\/2021\/05\/01prounintenso-e1630208931706.png\",\"width\":100,\"height\":80,\"caption\":\"ProUni\"},\"image\":{\"@id\":\"https:\/\/prouni.intelectiasac.com\/#\/schema\/logo\/image\/\"},\"sameAs\":[\"https:\/\/www.facebook.com\/patronatouni\",\"https:\/\/x.com\/PatronatoUNI\",\"https:\/\/www.youtube.com\/user\/PatronatoUNI\"]}]}<\/script>\n<!-- \/ Yoast SEO plugin. -->","yoast_head_json":{"title":"Nosotros - ProUni","robots":{"index":"index","follow":"follow","max-snippet":"max-snippet:-1","max-image-preview":"max-image-preview:large","max-video-preview":"max-video-preview:-1"},"canonical":"https:\/\/prouni.intelectiasac.com\/en\/nosotros-prouni\/","og_locale":"en_US","og_type":"article","og_title":"Nosotros - ProUni","og_description":"ProUNI El Patronato de la Universidad Nacional de Ingenier\u00eda (ProUNI) es una asociaci\u00f3n civil sin fines de lucro, integrada por personas naturales y jur\u00eddicas, cuya finalidad es contribuir a elevar la calidad acad\u00e9mica de la Universidad Nacional de Ingenier\u00eda; as\u00ed como ampliar y consolidar las relaciones de la UNI con el sector empresarial. MISI\u00d3N Desarrollar ... Read more","og_url":"https:\/\/prouni.intelectiasac.com\/en\/nosotros-prouni\/","og_site_name":"ProUni","article_publisher":"https:\/\/www.facebook.com\/patronatouni","article_modified_time":"2024-04-06T15:40:21+00:00","og_image":[{"width":1452,"height":620,"url":"https:\/\/prouni.intelectiasac.com\/wp-content\/uploads\/2020\/12\/Portada_03-e1628011710192.jpg","type":"image\/jpeg"}],"twitter_card":"summary_large_image","twitter_site":"@PatronatoUNI","twitter_misc":{"Est. reading time":"2 minutes"},"schema":{"@context":"https:\/\/schema.org","@graph":[{"@type":"WebPage","@id":"https:\/\/prouni.intelectiasac.com\/nosotros-prouni\/","url":"https:\/\/prouni.intelectiasac.com\/nosotros-prouni\/","name":"Nosotros - ProUni","isPartOf":{"@id":"https:\/\/prouni.intelectiasac.com\/#website"},"primaryImageOfPage":{"@id":"https:\/\/prouni.intelectiasac.com\/nosotros-prouni\/#primaryimage"},"image":{"@id":"https:\/\/prouni.intelectiasac.com\/nosotros-prouni\/#primaryimage"},"thumbnailUrl":"https:\/\/prouni.intelectiasac.com\/wp-content\/uploads\/2020\/12\/Portada_03-e1628011710192.jpg","datePublished":"2024-04-04T20:45:52+00:00","dateModified":"2024-04-06T15:40:21+00:00","breadcrumb":{"@id":"https:\/\/prouni.intelectiasac.com\/nosotros-prouni\/#breadcrumb"},"inLanguage":"en-US","potentialAction":[{"@type":"ReadAction","target":["https:\/\/prouni.intelectiasac.com\/nosotros-prouni\/"]}]},{"@type":"ImageObject","inLanguage":"en-US","@id":"https:\/\/prouni.intelectiasac.com\/nosotros-prouni\/#primaryimage","url":"https:\/\/prouni.intelectiasac.com\/wp-content\/uploads\/2020\/12\/Portada_03-e1628011710192.jpg","contentUrl":"https:\/\/prouni.intelectiasac.com\/wp-content\/uploads\/2020\/12\/Portada_03-e1628011710192.jpg","width":1452,"height":620},{"@type":"BreadcrumbList","@id":"https:\/\/prouni.intelectiasac.com\/nosotros-prouni\/#breadcrumb","itemListElement":[{"@type":"ListItem","position":1,"name":"Portada","item":"https:\/\/prouni.intelectiasac.com\/"},{"@type":"ListItem","position":2,"name":"Nosotros"}]},{"@type":"WebSite","@id":"https:\/\/prouni.intelectiasac.com\/#website","url":"https:\/\/prouni.intelectiasac.com\/","name":"ProUni","description":"Patronato UNI - Patronato de la Universidad Nacional de Ingenier\u00eda","publisher":{"@id":"https:\/\/prouni.intelectiasac.com\/#organization"},"potentialAction":[{"@type":"SearchAction","target":{"@type":"EntryPoint","urlTemplate":"https:\/\/prouni.intelectiasac.com\/?s={search_term_string}"},"query-input":{"@type":"PropertyValueSpecification","valueRequired":true,"valueName":"search_term_string"}}],"inLanguage":"en-US"},{"@type":"Organization","@id":"https:\/\/prouni.intelectiasac.com\/#organization","name":"ProUni","url":"https:\/\/prouni.intelectiasac.com\/","logo":{"@type":"ImageObject","inLanguage":"en-US","@id":"https:\/\/prouni.intelectiasac.com\/#\/schema\/logo\/image\/","url":"https:\/\/prouni.intelectiasac.com\/wp-content\/uploads\/2021\/05\/01prounintenso-e1630208931706.png","contentUrl":"https:\/\/prouni.intelectiasac.com\/wp-content\/uploads\/2021\/05\/01prounintenso-e1630208931706.png","width":100,"height":80,"caption":"ProUni"},"image":{"@id":"https:\/\/prouni.intelectiasac.com\/#\/schema\/logo\/image\/"},"sameAs":["https:\/\/www.facebook.com\/patronatouni","https:\/\/x.com\/PatronatoUNI","https:\/\/www.youtube.com\/user\/PatronatoUNI"]}]}},"_links":{"self":[{"href":"https:\/\/prouni.intelectiasac.com\/en\/wp-json\/wp\/v2\/pages\/6758","targetHints":{"allow":["GET"]}}],"collection":[{"href":"https:\/\/prouni.intelectiasac.com\/en\/wp-json\/wp\/v2\/pages"}],"about":[{"href":"https:\/\/prouni.intelectiasac.com\/en\/wp-json\/wp\/v2\/types\/page"}],"author":[{"embeddable":true,"href":"https:\/\/prouni.intelectiasac.com\/en\/wp-json\/wp\/v2\/users\/1"}],"replies":[{"embeddable":true,"href":"https:\/\/prouni.intelectiasac.com\/en\/wp-json\/wp\/v2\/comments?post=6758"}],"version-history":[{"count":4,"href":"https:\/\/prouni.intelectiasac.com\/en\/wp-json\/wp\/v2\/pages\/6758\/revisions"}],"predecessor-version":[{"id":6771,"href":"https:\/\/prouni.intelectiasac.com\/en\/wp-json\/wp\/v2\/pages\/6758\/revisions\/6771"}],"wp:featuredmedia":[{"embeddable":true,"href":"https:\/\/prouni.intelectiasac.com\/en\/wp-json\/wp\/v2\/media\/710"}],"wp:attachment":[{"href":"https:\/\/prouni.intelectiasac.com\/en\/wp-json\/wp\/v2\/media?parent=6758"}],"curies":[{"name":"wp","href":"https:\/\/api.w.org\/{rel}","templated":true}]}}