{"id":987,"date":"2020-12-04T15:12:45","date_gmt":"2020-12-04T15:12:45","guid":{"rendered":"https:\/\/prouni.intelectiasac.com\/?page_id=987"},"modified":"2025-02-27T18:51:41","modified_gmt":"2025-02-27T23:51:41","slug":"membresia","status":"publish","type":"page","link":"https:\/\/prouni.intelectiasac.com\/en\/membresia\/","title":{"rendered":"MEMBRES\u00cdA"},"content":{"rendered":"<div data-elementor-type=\"wp-page\" data-elementor-id=\"987\" class=\"elementor elementor-987\" data-elementor-post-type=\"page\">\n\t\t\t\t\t\t<section class=\"elementor-section elementor-top-section elementor-element elementor-element-d413bb5 elementor-section-stretched elementor-section-boxed elementor-section-height-default elementor-section-height-default\" data-id=\"d413bb5\" data-element_type=\"section\" data-settings=\"{&quot;stretch_section&quot;:&quot;section-stretched&quot;}\">\n\t\t\t\t\t\t<div class=\"elementor-container elementor-column-gap-default\">\n\t\t\t\t\t<div class=\"elementor-column elementor-col-100 elementor-top-column elementor-element elementor-element-43ee4dc\" data-id=\"43ee4dc\" data-element_type=\"column\">\n\t\t\t<div class=\"elementor-widget-wrap elementor-element-populated\">\n\t\t\t\t\t\t<div class=\"elementor-element elementor-element-4706c1a elementor-widget elementor-widget-heading\" data-id=\"4706c1a\" data-element_type=\"widget\" data-widget_type=\"heading.default\">\n\t\t\t\t<div class=\"elementor-widget-container\">\n\t\t\t\t\t<h2 class=\"elementor-heading-title elementor-size-default\">MEMBERSHIP\n<\/h2>\t\t\t\t<\/div>\n\t\t\t\t<\/div>\n\t\t\t\t<div class=\"elementor-element elementor-element-3347497 elementor-widget elementor-widget-text-editor\" data-id=\"3347497\" data-element_type=\"widget\" data-widget_type=\"text-editor.default\">\n\t\t\t\t<div class=\"elementor-widget-container\">\n\t\t\t\t\t\t\t\t\t<p>L<span style=\"font-family: Arial, sans-serif; font-size: 1rem;\">a asociaci\u00f3n tiene tres clases de asociados: Asociados\nfundadores, asociados no fundadores y asociado honorario.<\/span><\/p><p><o:p><\/o:p><\/p>\t\t\t\t\t\t\t\t<\/div>\n\t\t\t\t<\/div>\n\t\t\t\t<div class=\"elementor-element elementor-element-a94ce18 elementor-widget elementor-widget-heading\" data-id=\"a94ce18\" data-element_type=\"widget\" data-widget_type=\"heading.default\">\n\t\t\t\t<div class=\"elementor-widget-container\">\n\t\t\t\t\t<h3 class=\"elementor-heading-title elementor-size-default\">THEY ARE FOUNDING ASSOCIATES:\n<\/h3>\t\t\t\t<\/div>\n\t\t\t\t<\/div>\n\t\t\t\t<div class=\"elementor-element elementor-element-7819df0 elementor-widget elementor-widget-text-editor\" data-id=\"7819df0\" data-element_type=\"widget\" data-widget_type=\"text-editor.default\">\n\t\t\t\t<div class=\"elementor-widget-container\">\n\t\t\t\t\t\t\t\t\t<ul><li>Los asociados que suscribieron el acta de constituci\u00f3n o fundaci\u00f3n.<\/li><\/ul>\t\t\t\t\t\t\t\t<\/div>\n\t\t\t\t<\/div>\n\t\t\t\t<div class=\"elementor-element elementor-element-3cdd0de elementor-widget elementor-widget-heading\" data-id=\"3cdd0de\" data-element_type=\"widget\" data-widget_type=\"heading.default\">\n\t\t\t\t<div class=\"elementor-widget-container\">\n\t\t\t\t\t<h3 class=\"elementor-heading-title elementor-size-default\">THEY ARE NOT FOUNDING ASSOCIATES:\n<\/h3>\t\t\t\t<\/div>\n\t\t\t\t<\/div>\n\t\t\t\t<div class=\"elementor-element elementor-element-55defaf elementor-widget elementor-widget-text-editor\" data-id=\"55defaf\" data-element_type=\"widget\" data-widget_type=\"text-editor.default\">\n\t\t\t\t<div class=\"elementor-widget-container\">\n\t\t\t\t\t\t\t\t\t<ul><li>Toda persona natural y\/o jur\u00eddica que cumpla con lo se\u00f1alado en el art\u00edculo 10 sobre la admisi\u00f3n. (Formalizar membres\u00eda completando el formulario l\u00edneas abajo).<\/li><\/ul><ul><li>Es asociado no fundador, por raz\u00f3n de su cargo, la persona que ostente el cargo de rector de la universidad nacional de ingenier\u00eda, el mismo que se encuentra exento del pago de las cuotas ordinarias y extraordinarias.<\/li><\/ul>\t\t\t\t\t\t\t\t<\/div>\n\t\t\t\t<\/div>\n\t\t\t\t<div class=\"elementor-element elementor-element-e7d4284 elementor-widget elementor-widget-heading\" data-id=\"e7d4284\" data-element_type=\"widget\" data-widget_type=\"heading.default\">\n\t\t\t\t<div class=\"elementor-widget-container\">\n\t\t\t\t\t<h3 class=\"elementor-heading-title elementor-size-default\">THEY ARE HONORARY ASSOCIATES:\n<\/h3>\t\t\t\t<\/div>\n\t\t\t\t<\/div>\n\t\t\t\t<div class=\"elementor-element elementor-element-86e46cb elementor-widget elementor-widget-text-editor\" data-id=\"86e46cb\" data-element_type=\"widget\" data-widget_type=\"text-editor.default\">\n\t\t\t\t<div class=\"elementor-widget-container\">\n\t\t\t\t\t\t\t\t\t<ul><li>Las personas designadas por el consejo directivo por su contribuci\u00f3n a los fines del patronato y al desarrollo empresarial y universitario.\u00a0<\/li><\/ul><ul><li>El consejo directivo, puede decidir incluir como asociado honorario vitalicio a quien ejercio el cargo de rector de la universidad nacional de ingenier\u00eda.<\/li><\/ul>\t\t\t\t\t\t\t\t<\/div>\n\t\t\t\t<\/div>\n\t\t\t\t<div class=\"elementor-element elementor-element-288d0ac elementor-widget elementor-widget-heading\" data-id=\"288d0ac\" data-element_type=\"widget\" data-widget_type=\"heading.default\">\n\t\t\t\t<div class=\"elementor-widget-container\">\n\t\t\t\t\t<h3 class=\"elementor-heading-title elementor-size-default\">SUSPENTION OF MEMBERSHIP<\/h3>\t\t\t\t<\/div>\n\t\t\t\t<\/div>\n\t\t\t\t<div class=\"elementor-element elementor-element-004e39f elementor-widget elementor-widget-text-editor\" data-id=\"004e39f\" data-element_type=\"widget\" data-widget_type=\"text-editor.default\">\n\t\t\t\t<div class=\"elementor-widget-container\">\n\t\t\t\t\t\t\t\t\t<p>Article 11 of our statute states:<\/p><p>\u201cSe pierde la condici\u00f3n de Asociado por renuncia o <span style=\"font-family: Arial, sans-serif; font-size: 1rem;\">no cumplir con el estatuto, no pagar por el periodo de 3 a\u00f1os las cuotas ordinarias y\/o extraordinarias, aprobadas por el consejo directivo.\u201d<\/span><\/p><p>\u00a0<\/p>\t\t\t\t\t\t\t\t<\/div>\n\t\t\t\t<\/div>\n\t\t\t\t<div class=\"elementor-element elementor-element-3fd895a elementor-widget elementor-widget-heading\" data-id=\"3fd895a\" data-element_type=\"widget\" data-widget_type=\"heading.default\">\n\t\t\t\t<div class=\"elementor-widget-container\">\n\t\t\t\t\t<h3 class=\"elementor-heading-title elementor-size-default\">FORMALIZATION OF MEMBERSHIP\n\n\n\n<\/h3>\t\t\t\t<\/div>\n\t\t\t\t<\/div>\n\t\t\t\t<div class=\"elementor-element elementor-element-0da87e7 elementor-widget elementor-widget-text-editor\" data-id=\"0da87e7\" data-element_type=\"widget\" data-widget_type=\"text-editor.default\">\n\t\t\t\t<div class=\"elementor-widget-container\">\n\t\t\t\t\t\t\t\t\t<ol><li><p>Fill out the\u00a0<strong><a class=\"wf_file\" href=\"https:\/\/bit.ly\/InscripcionAsociado\" target=\"_blank\" rel=\"noopener noreferrer\"><span class=\"wf_file_text\">registration form<\/span><\/a><\/strong><\/p><\/li><li><p>Make the deposit (annual fee), corresponding to the type of membership that you apply, in Banco Continental in any of the following accounts:<\/p><p><strong>Checking account in Nuevos Soles\u00a0\u00a0<\/strong><span class=\"grande\">N\u00ba 0011- 0109- 0100029726- 65<\/span><\/p><p>If you are abroad:<\/p><p><span class=\"grande\">BANCO DE CR\u00c9DITO DEL PERU &#8211; BCP<\/span><\/p><p><strong>Checking account in dollars<\/strong>\u00a0\u00a0<span class=\"grande\">N\u00ba 193-1515562116<\/span><\/p><p><strong>C\u00f3digo Swift<\/strong>\u00a0BCPLPEPL<\/p><p>Av. Juan de Arona 893 San Isidro<\/p><p><strong>Tel\u00e9fono:\u00a0<\/strong>(511) 612 -3453.<\/p><\/li><li>Finally, we appreciate that you can send the deposit voucher along with the form to the email <a href=\"mailto:info@patronatouni.edu.pe\">info@patronatouni.edu.pe<\/a><\/li><\/ol>\t\t\t\t\t\t\t\t<\/div>\n\t\t\t\t<\/div>\n\t\t\t\t\t<\/div>\n\t\t<\/div>\n\t\t\t\t\t<\/div>\n\t\t<\/section>\n\t\t\t\t<\/div>","protected":false},"excerpt":{"rendered":"<p>Membresia La asociaci\u00f3n tiene tres clases de asociados: Asociados fundadores, asociados no fundadores y asociado honorario. SON ASOCIADOS FUNDADORES: Los asociados que suscribieron el acta de constituci\u00f3n o fundaci\u00f3n. SON ASOCIADOS no FUNDADORES: Toda persona natural y\/o jur\u00eddica que cumpla con lo se\u00f1alado en el art\u00edculo 10 sobre la admisi\u00f3n. (Formalizar membres\u00eda completando el formulario &#8230; <a title=\"MEMBRES\u00cdA\" class=\"read-more\" href=\"https:\/\/prouni.intelectiasac.com\/en\/membresia\/\" aria-label=\"Read more about MEMBRES\u00cdA\">Read more<\/a><\/p>","protected":false},"author":1,"featured_media":0,"parent":0,"menu_order":0,"comment_status":"closed","ping_status":"closed","template":"","meta":{"footnotes":""},"class_list":["post-987","page","type-page","status-publish"],"yoast_head":"<!-- This site is optimized with the Yoast SEO plugin v25.0 - https:\/\/yoast.com\/wordpress\/plugins\/seo\/ -->\n<title>MEMBRES\u00cdA - ProUni<\/title>\n<meta name=\"robots\" content=\"index, follow, max-snippet:-1, max-image-preview:large, max-video-preview:-1\" \/>\n<link rel=\"canonical\" href=\"https:\/\/prouni.intelectiasac.com\/en\/membresia\/\" \/>\n<meta property=\"og:locale\" content=\"en_US\" \/>\n<meta property=\"og:type\" content=\"article\" \/>\n<meta property=\"og:title\" content=\"MEMBRES\u00cdA - ProUni\" \/>\n<meta property=\"og:description\" content=\"Membresia La asociaci\u00f3n tiene tres clases de asociados: Asociados fundadores, asociados no fundadores y asociado honorario. SON ASOCIADOS FUNDADORES: Los asociados que suscribieron el acta de constituci\u00f3n o fundaci\u00f3n. SON ASOCIADOS no FUNDADORES: Toda persona natural y\/o jur\u00eddica que cumpla con lo se\u00f1alado en el art\u00edculo 10 sobre la admisi\u00f3n. (Formalizar membres\u00eda completando el formulario ... Read more\" \/>\n<meta property=\"og:url\" content=\"https:\/\/prouni.intelectiasac.com\/en\/membresia\/\" \/>\n<meta property=\"og:site_name\" content=\"ProUni\" \/>\n<meta property=\"article:publisher\" content=\"https:\/\/www.facebook.com\/patronatouni\" \/>\n<meta property=\"article:modified_time\" content=\"2025-02-27T23:51:41+00:00\" \/>\n<meta name=\"twitter:card\" content=\"summary_large_image\" \/>\n<meta name=\"twitter:site\" content=\"@PatronatoUNI\" \/>\n<meta name=\"twitter:label1\" content=\"Est. reading time\" \/>\n\t<meta name=\"twitter:data1\" content=\"2 minutes\" \/>\n<script type=\"application\/ld+json\" class=\"yoast-schema-graph\">{\"@context\":\"https:\/\/schema.org\",\"@graph\":[{\"@type\":\"WebPage\",\"@id\":\"https:\/\/prouni.intelectiasac.com\/membresia\/\",\"url\":\"https:\/\/prouni.intelectiasac.com\/membresia\/\",\"name\":\"MEMBRES\u00cdA - ProUni\",\"isPartOf\":{\"@id\":\"https:\/\/prouni.intelectiasac.com\/#website\"},\"datePublished\":\"2020-12-04T15:12:45+00:00\",\"dateModified\":\"2025-02-27T23:51:41+00:00\",\"breadcrumb\":{\"@id\":\"https:\/\/prouni.intelectiasac.com\/membresia\/#breadcrumb\"},\"inLanguage\":\"en-US\",\"potentialAction\":[{\"@type\":\"ReadAction\",\"target\":[\"https:\/\/prouni.intelectiasac.com\/membresia\/\"]}]},{\"@type\":\"BreadcrumbList\",\"@id\":\"https:\/\/prouni.intelectiasac.com\/membresia\/#breadcrumb\",\"itemListElement\":[{\"@type\":\"ListItem\",\"position\":1,\"name\":\"Portada\",\"item\":\"https:\/\/prouni.intelectiasac.com\/\"},{\"@type\":\"ListItem\",\"position\":2,\"name\":\"MEMBRES\u00cdA\"}]},{\"@type\":\"WebSite\",\"@id\":\"https:\/\/prouni.intelectiasac.com\/#website\",\"url\":\"https:\/\/prouni.intelectiasac.com\/\",\"name\":\"ProUni\",\"description\":\"Patronato UNI - Patronato de la Universidad Nacional de Ingenier\u00eda\",\"publisher\":{\"@id\":\"https:\/\/prouni.intelectiasac.com\/#organization\"},\"potentialAction\":[{\"@type\":\"SearchAction\",\"target\":{\"@type\":\"EntryPoint\",\"urlTemplate\":\"https:\/\/prouni.intelectiasac.com\/?s={search_term_string}\"},\"query-input\":{\"@type\":\"PropertyValueSpecification\",\"valueRequired\":true,\"valueName\":\"search_term_string\"}}],\"inLanguage\":\"en-US\"},{\"@type\":\"Organization\",\"@id\":\"https:\/\/prouni.intelectiasac.com\/#organization\",\"name\":\"ProUni\",\"url\":\"https:\/\/prouni.intelectiasac.com\/\",\"logo\":{\"@type\":\"ImageObject\",\"inLanguage\":\"en-US\",\"@id\":\"https:\/\/prouni.intelectiasac.com\/#\/schema\/logo\/image\/\",\"url\":\"https:\/\/prouni.intelectiasac.com\/wp-content\/uploads\/2021\/05\/01prounintenso-e1630208931706.png\",\"contentUrl\":\"https:\/\/prouni.intelectiasac.com\/wp-content\/uploads\/2021\/05\/01prounintenso-e1630208931706.png\",\"width\":100,\"height\":80,\"caption\":\"ProUni\"},\"image\":{\"@id\":\"https:\/\/prouni.intelectiasac.com\/#\/schema\/logo\/image\/\"},\"sameAs\":[\"https:\/\/www.facebook.com\/patronatouni\",\"https:\/\/x.com\/PatronatoUNI\",\"https:\/\/www.youtube.com\/user\/PatronatoUNI\"]}]}<\/script>\n<!-- \/ Yoast SEO plugin. -->","yoast_head_json":{"title":"MEMBRES\u00cdA - ProUni","robots":{"index":"index","follow":"follow","max-snippet":"max-snippet:-1","max-image-preview":"max-image-preview:large","max-video-preview":"max-video-preview:-1"},"canonical":"https:\/\/prouni.intelectiasac.com\/en\/membresia\/","og_locale":"en_US","og_type":"article","og_title":"MEMBRES\u00cdA - ProUni","og_description":"Membresia La asociaci\u00f3n tiene tres clases de asociados: Asociados fundadores, asociados no fundadores y asociado honorario. SON ASOCIADOS FUNDADORES: Los asociados que suscribieron el acta de constituci\u00f3n o fundaci\u00f3n. SON ASOCIADOS no FUNDADORES: Toda persona natural y\/o jur\u00eddica que cumpla con lo se\u00f1alado en el art\u00edculo 10 sobre la admisi\u00f3n. (Formalizar membres\u00eda completando el formulario ... Read more","og_url":"https:\/\/prouni.intelectiasac.com\/en\/membresia\/","og_site_name":"ProUni","article_publisher":"https:\/\/www.facebook.com\/patronatouni","article_modified_time":"2025-02-27T23:51:41+00:00","twitter_card":"summary_large_image","twitter_site":"@PatronatoUNI","twitter_misc":{"Est. reading time":"2 minutes"},"schema":{"@context":"https:\/\/schema.org","@graph":[{"@type":"WebPage","@id":"https:\/\/prouni.intelectiasac.com\/membresia\/","url":"https:\/\/prouni.intelectiasac.com\/membresia\/","name":"MEMBRES\u00cdA - ProUni","isPartOf":{"@id":"https:\/\/prouni.intelectiasac.com\/#website"},"datePublished":"2020-12-04T15:12:45+00:00","dateModified":"2025-02-27T23:51:41+00:00","breadcrumb":{"@id":"https:\/\/prouni.intelectiasac.com\/membresia\/#breadcrumb"},"inLanguage":"en-US","potentialAction":[{"@type":"ReadAction","target":["https:\/\/prouni.intelectiasac.com\/membresia\/"]}]},{"@type":"BreadcrumbList","@id":"https:\/\/prouni.intelectiasac.com\/membresia\/#breadcrumb","itemListElement":[{"@type":"ListItem","position":1,"name":"Portada","item":"https:\/\/prouni.intelectiasac.com\/"},{"@type":"ListItem","position":2,"name":"MEMBRES\u00cdA"}]},{"@type":"WebSite","@id":"https:\/\/prouni.intelectiasac.com\/#website","url":"https:\/\/prouni.intelectiasac.com\/","name":"ProUni","description":"Patronato UNI - Patronato de la Universidad Nacional de Ingenier\u00eda","publisher":{"@id":"https:\/\/prouni.intelectiasac.com\/#organization"},"potentialAction":[{"@type":"SearchAction","target":{"@type":"EntryPoint","urlTemplate":"https:\/\/prouni.intelectiasac.com\/?s={search_term_string}"},"query-input":{"@type":"PropertyValueSpecification","valueRequired":true,"valueName":"search_term_string"}}],"inLanguage":"en-US"},{"@type":"Organization","@id":"https:\/\/prouni.intelectiasac.com\/#organization","name":"ProUni","url":"https:\/\/prouni.intelectiasac.com\/","logo":{"@type":"ImageObject","inLanguage":"en-US","@id":"https:\/\/prouni.intelectiasac.com\/#\/schema\/logo\/image\/","url":"https:\/\/prouni.intelectiasac.com\/wp-content\/uploads\/2021\/05\/01prounintenso-e1630208931706.png","contentUrl":"https:\/\/prouni.intelectiasac.com\/wp-content\/uploads\/2021\/05\/01prounintenso-e1630208931706.png","width":100,"height":80,"caption":"ProUni"},"image":{"@id":"https:\/\/prouni.intelectiasac.com\/#\/schema\/logo\/image\/"},"sameAs":["https:\/\/www.facebook.com\/patronatouni","https:\/\/x.com\/PatronatoUNI","https:\/\/www.youtube.com\/user\/PatronatoUNI"]}]}},"_links":{"self":[{"href":"https:\/\/prouni.intelectiasac.com\/en\/wp-json\/wp\/v2\/pages\/987","targetHints":{"allow":["GET"]}}],"collection":[{"href":"https:\/\/prouni.intelectiasac.com\/en\/wp-json\/wp\/v2\/pages"}],"about":[{"href":"https:\/\/prouni.intelectiasac.com\/en\/wp-json\/wp\/v2\/types\/page"}],"author":[{"embeddable":true,"href":"https:\/\/prouni.intelectiasac.com\/en\/wp-json\/wp\/v2\/users\/1"}],"replies":[{"embeddable":true,"href":"https:\/\/prouni.intelectiasac.com\/en\/wp-json\/wp\/v2\/comments?post=987"}],"version-history":[{"count":69,"href":"https:\/\/prouni.intelectiasac.com\/en\/wp-json\/wp\/v2\/pages\/987\/revisions"}],"predecessor-version":[{"id":7342,"href":"https:\/\/prouni.intelectiasac.com\/en\/wp-json\/wp\/v2\/pages\/987\/revisions\/7342"}],"wp:attachment":[{"href":"https:\/\/prouni.intelectiasac.com\/en\/wp-json\/wp\/v2\/media?parent=987"}],"curies":[{"name":"wp","href":"https:\/\/api.w.org\/{rel}","templated":true}]}}